{"id":15181,"date":"2024-03-27T14:30:19","date_gmt":"2024-03-27T13:30:19","guid":{"rendered":"https:\/\/www.comestero.shop\/?post_type=product&#038;p=15181"},"modified":"2025-02-13T10:10:58","modified_gmt":"2025-02-13T09:10:58","slug":"striscia-led-flessibile-3528-5m-blu-12vdc-ip65","status":"publish","type":"product","link":"https:\/\/www.comestero.shop\/en\/shop\/led-tubes-t8\/strisce-led-en\/striscia-led-flessibile-3528-5m-blu-12vdc-ip65\/","title":{"rendered":"STRISCIA LED FLESSIBILE 3528, 5M, BLU, 12VDC, IP65"},"content":{"rendered":"<p>Le bobine LED da 5 metri sono una soluzione versatile e efficiente per l&#8217;illuminazione in una vasta gamma di ambienti, tra cui case, negozi, bar e locali commerciali.<br \/>\nGrazie alla loro flessibilit\u00e0 e alla possibilit\u00e0 di regolazione a multipli di 50mm secondo le necessit\u00e0, le strisce LED consentono una facile installazione su varie superfici (soffitti, pareti, mobili&#8230;).<br \/>\nDisponibili in diversi colori e luminosit\u00e0, le strisce LED offrono la flessibilit\u00e0 di creare atmosfere personalizzate e accoglienti, adattandosi alle diverse esigenze di illuminazione degli ambienti. Inoltre, le varianti RGB consentono di giocare con una gamma completa di colori, aggiungendo un tocco di creativit\u00e0 e personalit\u00e0 agli spazi illuminati.<\/p>\n<p>p\/n ELED-5-3528-60-12V-B-65<\/p>\n","protected":false},"excerpt":{"rendered":"<p>Lunghezza: 5m<br \/>\nColore: Blu<br \/>\nLuminosit\u00e0: n.d.<br \/>\nAlimentazione: 12V<br \/>\nTemperatura di lavoro: -20\u00b0C \/ +50\u00b0C<br \/>\nVita: 50.000h<br \/>\nAngolo del fascio luminoso: 120\u00b0<br \/>\nCertificazioni: CE, ROHS<\/p>\n<p><strong><span style=\"color: #db023f;\"><br \/>\nSpedizione in 24\/48 ore<\/span><\/strong><\/p>\n","protected":false},"featured_media":15857,"template":"","meta":{"_acf_changed":false},"product_brand":[],"product_cat":[2097,2350],"product_tag":[],"class_list":{"0":"post-15181","1":"product","2":"type-product","3":"status-publish","4":"has-post-thumbnail","6":"product_cat-led-tubes-t8","7":"product_cat-strisce-led-en","8":"marca-elstar-en","10":"first","11":"instock","12":"taxable","13":"shipping-taxable","14":"purchasable","15":"product-type-simple"},"acf":[],"yoast_head":"<!-- This site is optimized with the Yoast SEO plugin v27.4 - https:\/\/yoast.com\/product\/yoast-seo-wordpress\/ -->\n<title>STRISCIA LED FLESSIBILE 3528, 5M, BLU, 12VDC, IP65<\/title>\n<meta name=\"robots\" content=\"index, follow, max-snippet:-1, max-image-preview:large, max-video-preview:-1\" \/>\n<link rel=\"canonical\" href=\"https:\/\/www.comestero.shop\/shop\/led-tubi-strisce\/strisce-led-adesive\/striscia-led-flessibile-3528-5m-blu-12vdc-ip65\/\" \/>\n<meta property=\"og:locale\" content=\"en_US\" \/>\n<meta property=\"og:type\" content=\"article\" \/>\n<meta property=\"og:title\" content=\"STRISCIA LED FLESSIBILE 3528, 5M, BLU, 12VDC, IP65\" \/>\n<meta property=\"og:description\" content=\"Lunghezza: 5m Colore: Blu Luminosit\u00e0: n.d. Alimentazione: 12V Temperatura di lavoro: -20\u00b0C \/ +50\u00b0C Vita: 50.000h Angolo del fascio luminoso: 120\u00b0 Certificazioni: CE, ROHS   Spedizione in 24\/48 ore\" \/>\n<meta property=\"og:url\" content=\"https:\/\/www.comestero.shop\/shop\/led-tubi-strisce\/strisce-led-adesive\/striscia-led-flessibile-3528-5m-blu-12vdc-ip65\/\" \/>\n<meta property=\"og:site_name\" content=\"Comestero Shop\" \/>\n<meta property=\"article:modified_time\" content=\"2025-02-13T09:10:58+00:00\" \/>\n<meta property=\"og:image\" content=\"https:\/\/www.comestero.shop\/wp-content\/uploads\/2024\/04\/eled-5-3528-60-12v-b-65-striscia-led-flessibile-blu-a.jpg\" \/>\n\t<meta property=\"og:image:width\" content=\"1000\" \/>\n\t<meta property=\"og:image:height\" content=\"1000\" \/>\n\t<meta property=\"og:image:type\" content=\"image\/jpeg\" \/>\n<meta name=\"twitter:card\" content=\"summary_large_image\" \/>\n<script type=\"application\/ld+json\" class=\"yoast-schema-graph\">{\"@context\":\"https:\\\/\\\/schema.org\",\"@graph\":[{\"@type\":\"WebPage\",\"@id\":\"https:\\\/\\\/www.comestero.shop\\\/shop\\\/led-tubi-strisce\\\/strisce-led-adesive\\\/striscia-led-flessibile-3528-5m-blu-12vdc-ip65\\\/\",\"url\":\"https:\\\/\\\/www.comestero.shop\\\/shop\\\/led-tubi-strisce\\\/strisce-led-adesive\\\/striscia-led-flessibile-3528-5m-blu-12vdc-ip65\\\/\",\"name\":\"STRISCIA LED FLESSIBILE 3528, 5M, BLU, 12VDC, IP65\",\"isPartOf\":{\"@id\":\"http:\\\/\\\/www.comestero.shop\\\/#website\"},\"primaryImageOfPage\":{\"@id\":\"https:\\\/\\\/www.comestero.shop\\\/shop\\\/led-tubi-strisce\\\/strisce-led-adesive\\\/striscia-led-flessibile-3528-5m-blu-12vdc-ip65\\\/#primaryimage\"},\"image\":{\"@id\":\"https:\\\/\\\/www.comestero.shop\\\/shop\\\/led-tubi-strisce\\\/strisce-led-adesive\\\/striscia-led-flessibile-3528-5m-blu-12vdc-ip65\\\/#primaryimage\"},\"thumbnailUrl\":\"https:\\\/\\\/www.comestero.shop\\\/wp-content\\\/uploads\\\/2024\\\/04\\\/eled-5-3528-60-12v-b-65-striscia-led-flessibile-blu-a.jpg\",\"datePublished\":\"2024-03-27T13:30:19+00:00\",\"dateModified\":\"2025-02-13T09:10:58+00:00\",\"breadcrumb\":{\"@id\":\"https:\\\/\\\/www.comestero.shop\\\/shop\\\/led-tubi-strisce\\\/strisce-led-adesive\\\/striscia-led-flessibile-3528-5m-blu-12vdc-ip65\\\/#breadcrumb\"},\"inLanguage\":\"en-US\",\"potentialAction\":[{\"@type\":\"ReadAction\",\"target\":[\"https:\\\/\\\/www.comestero.shop\\\/shop\\\/led-tubi-strisce\\\/strisce-led-adesive\\\/striscia-led-flessibile-3528-5m-blu-12vdc-ip65\\\/\"]}]},{\"@type\":\"ImageObject\",\"inLanguage\":\"en-US\",\"@id\":\"https:\\\/\\\/www.comestero.shop\\\/shop\\\/led-tubi-strisce\\\/strisce-led-adesive\\\/striscia-led-flessibile-3528-5m-blu-12vdc-ip65\\\/#primaryimage\",\"url\":\"https:\\\/\\\/www.comestero.shop\\\/wp-content\\\/uploads\\\/2024\\\/04\\\/eled-5-3528-60-12v-b-65-striscia-led-flessibile-blu-a.jpg\",\"contentUrl\":\"https:\\\/\\\/www.comestero.shop\\\/wp-content\\\/uploads\\\/2024\\\/04\\\/eled-5-3528-60-12v-b-65-striscia-led-flessibile-blu-a.jpg\",\"width\":1000,\"height\":1000},{\"@type\":\"BreadcrumbList\",\"@id\":\"https:\\\/\\\/www.comestero.shop\\\/shop\\\/led-tubi-strisce\\\/strisce-led-adesive\\\/striscia-led-flessibile-3528-5m-blu-12vdc-ip65\\\/#breadcrumb\",\"itemListElement\":[{\"@type\":\"ListItem\",\"position\":1,\"name\":\"Home\",\"item\":\"https:\\\/\\\/www.comestero.shop\\\/en\\\/\"},{\"@type\":\"ListItem\",\"position\":2,\"name\":\"Shop\",\"item\":\"https:\\\/\\\/www.comestero.shop\\\/en\\\/shop\\\/\"},{\"@type\":\"ListItem\",\"position\":3,\"name\":\"LED\",\"item\":\"https:\\\/\\\/www.comestero.shop\\\/product-category\\\/led-tubi-strisce\\\/\"},{\"@type\":\"ListItem\",\"position\":4,\"name\":\"Strisce LED adesive\",\"item\":\"https:\\\/\\\/www.comestero.shop\\\/product-category\\\/led-tubi-strisce\\\/strisce-led-adesive\\\/\"},{\"@type\":\"ListItem\",\"position\":5,\"name\":\"STRISCIA LED FLESSIBILE 3528, 5M, BLU, 12VDC, IP65\"}]},{\"@type\":\"WebSite\",\"@id\":\"http:\\\/\\\/www.comestero.shop\\\/#website\",\"url\":\"http:\\\/\\\/www.comestero.shop\\\/\",\"name\":\"Comestero Shop\",\"description\":\"La nuova era dell&#039;elettronica\",\"publisher\":{\"@id\":\"http:\\\/\\\/www.comestero.shop\\\/#organization\"},\"potentialAction\":[{\"@type\":\"SearchAction\",\"target\":{\"@type\":\"EntryPoint\",\"urlTemplate\":\"http:\\\/\\\/www.comestero.shop\\\/?s={search_term_string}\"},\"query-input\":{\"@type\":\"PropertyValueSpecification\",\"valueRequired\":true,\"valueName\":\"search_term_string\"}}],\"inLanguage\":\"en-US\"},{\"@type\":\"Organization\",\"@id\":\"http:\\\/\\\/www.comestero.shop\\\/#organization\",\"name\":\"Comestero Shop\",\"url\":\"http:\\\/\\\/www.comestero.shop\\\/\",\"logo\":{\"@type\":\"ImageObject\",\"inLanguage\":\"en-US\",\"@id\":\"http:\\\/\\\/www.comestero.shop\\\/#\\\/schema\\\/logo\\\/image\\\/\",\"url\":\"https:\\\/\\\/www.comestero.shop\\\/wp-content\\\/uploads\\\/2021\\\/03\\\/logo-comestero-shop.png\",\"contentUrl\":\"https:\\\/\\\/www.comestero.shop\\\/wp-content\\\/uploads\\\/2021\\\/03\\\/logo-comestero-shop.png\",\"width\":245,\"height\":80,\"caption\":\"Comestero Shop\"},\"image\":{\"@id\":\"http:\\\/\\\/www.comestero.shop\\\/#\\\/schema\\\/logo\\\/image\\\/\"}}]}<\/script>\n<!-- \/ Yoast SEO plugin. -->","yoast_head_json":{"title":"STRISCIA LED FLESSIBILE 3528, 5M, BLU, 12VDC, IP65","robots":{"index":"index","follow":"follow","max-snippet":"max-snippet:-1","max-image-preview":"max-image-preview:large","max-video-preview":"max-video-preview:-1"},"canonical":"https:\/\/www.comestero.shop\/shop\/led-tubi-strisce\/strisce-led-adesive\/striscia-led-flessibile-3528-5m-blu-12vdc-ip65\/","og_locale":"en_US","og_type":"article","og_title":"STRISCIA LED FLESSIBILE 3528, 5M, BLU, 12VDC, IP65","og_description":"Lunghezza: 5m Colore: Blu Luminosit\u00e0: n.d. Alimentazione: 12V Temperatura di lavoro: -20\u00b0C \/ +50\u00b0C Vita: 50.000h Angolo del fascio luminoso: 120\u00b0 Certificazioni: CE, ROHS   Spedizione in 24\/48 ore","og_url":"https:\/\/www.comestero.shop\/shop\/led-tubi-strisce\/strisce-led-adesive\/striscia-led-flessibile-3528-5m-blu-12vdc-ip65\/","og_site_name":"Comestero Shop","article_modified_time":"2025-02-13T09:10:58+00:00","og_image":[{"width":1000,"height":1000,"url":"https:\/\/www.comestero.shop\/wp-content\/uploads\/2024\/04\/eled-5-3528-60-12v-b-65-striscia-led-flessibile-blu-a.jpg","type":"image\/jpeg"}],"twitter_card":"summary_large_image","schema":{"@context":"https:\/\/schema.org","@graph":[{"@type":"WebPage","@id":"https:\/\/www.comestero.shop\/shop\/led-tubi-strisce\/strisce-led-adesive\/striscia-led-flessibile-3528-5m-blu-12vdc-ip65\/","url":"https:\/\/www.comestero.shop\/shop\/led-tubi-strisce\/strisce-led-adesive\/striscia-led-flessibile-3528-5m-blu-12vdc-ip65\/","name":"STRISCIA LED FLESSIBILE 3528, 5M, BLU, 12VDC, IP65","isPartOf":{"@id":"http:\/\/www.comestero.shop\/#website"},"primaryImageOfPage":{"@id":"https:\/\/www.comestero.shop\/shop\/led-tubi-strisce\/strisce-led-adesive\/striscia-led-flessibile-3528-5m-blu-12vdc-ip65\/#primaryimage"},"image":{"@id":"https:\/\/www.comestero.shop\/shop\/led-tubi-strisce\/strisce-led-adesive\/striscia-led-flessibile-3528-5m-blu-12vdc-ip65\/#primaryimage"},"thumbnailUrl":"https:\/\/www.comestero.shop\/wp-content\/uploads\/2024\/04\/eled-5-3528-60-12v-b-65-striscia-led-flessibile-blu-a.jpg","datePublished":"2024-03-27T13:30:19+00:00","dateModified":"2025-02-13T09:10:58+00:00","breadcrumb":{"@id":"https:\/\/www.comestero.shop\/shop\/led-tubi-strisce\/strisce-led-adesive\/striscia-led-flessibile-3528-5m-blu-12vdc-ip65\/#breadcrumb"},"inLanguage":"en-US","potentialAction":[{"@type":"ReadAction","target":["https:\/\/www.comestero.shop\/shop\/led-tubi-strisce\/strisce-led-adesive\/striscia-led-flessibile-3528-5m-blu-12vdc-ip65\/"]}]},{"@type":"ImageObject","inLanguage":"en-US","@id":"https:\/\/www.comestero.shop\/shop\/led-tubi-strisce\/strisce-led-adesive\/striscia-led-flessibile-3528-5m-blu-12vdc-ip65\/#primaryimage","url":"https:\/\/www.comestero.shop\/wp-content\/uploads\/2024\/04\/eled-5-3528-60-12v-b-65-striscia-led-flessibile-blu-a.jpg","contentUrl":"https:\/\/www.comestero.shop\/wp-content\/uploads\/2024\/04\/eled-5-3528-60-12v-b-65-striscia-led-flessibile-blu-a.jpg","width":1000,"height":1000},{"@type":"BreadcrumbList","@id":"https:\/\/www.comestero.shop\/shop\/led-tubi-strisce\/strisce-led-adesive\/striscia-led-flessibile-3528-5m-blu-12vdc-ip65\/#breadcrumb","itemListElement":[{"@type":"ListItem","position":1,"name":"Home","item":"https:\/\/www.comestero.shop\/en\/"},{"@type":"ListItem","position":2,"name":"Shop","item":"https:\/\/www.comestero.shop\/en\/shop\/"},{"@type":"ListItem","position":3,"name":"LED","item":"https:\/\/www.comestero.shop\/product-category\/led-tubi-strisce\/"},{"@type":"ListItem","position":4,"name":"Strisce LED adesive","item":"https:\/\/www.comestero.shop\/product-category\/led-tubi-strisce\/strisce-led-adesive\/"},{"@type":"ListItem","position":5,"name":"STRISCIA LED FLESSIBILE 3528, 5M, BLU, 12VDC, IP65"}]},{"@type":"WebSite","@id":"http:\/\/www.comestero.shop\/#website","url":"http:\/\/www.comestero.shop\/","name":"Comestero Shop","description":"La nuova era dell&#039;elettronica","publisher":{"@id":"http:\/\/www.comestero.shop\/#organization"},"potentialAction":[{"@type":"SearchAction","target":{"@type":"EntryPoint","urlTemplate":"http:\/\/www.comestero.shop\/?s={search_term_string}"},"query-input":{"@type":"PropertyValueSpecification","valueRequired":true,"valueName":"search_term_string"}}],"inLanguage":"en-US"},{"@type":"Organization","@id":"http:\/\/www.comestero.shop\/#organization","name":"Comestero Shop","url":"http:\/\/www.comestero.shop\/","logo":{"@type":"ImageObject","inLanguage":"en-US","@id":"http:\/\/www.comestero.shop\/#\/schema\/logo\/image\/","url":"https:\/\/www.comestero.shop\/wp-content\/uploads\/2021\/03\/logo-comestero-shop.png","contentUrl":"https:\/\/www.comestero.shop\/wp-content\/uploads\/2021\/03\/logo-comestero-shop.png","width":245,"height":80,"caption":"Comestero Shop"},"image":{"@id":"http:\/\/www.comestero.shop\/#\/schema\/logo\/image\/"}}]}},"_links":{"self":[{"href":"https:\/\/www.comestero.shop\/en\/wp-json\/wp\/v2\/product\/15181","targetHints":{"allow":["GET"]}}],"collection":[{"href":"https:\/\/www.comestero.shop\/en\/wp-json\/wp\/v2\/product"}],"about":[{"href":"https:\/\/www.comestero.shop\/en\/wp-json\/wp\/v2\/types\/product"}],"wp:featuredmedia":[{"embeddable":true,"href":"https:\/\/www.comestero.shop\/en\/wp-json\/wp\/v2\/media\/15857"}],"wp:attachment":[{"href":"https:\/\/www.comestero.shop\/en\/wp-json\/wp\/v2\/media?parent=15181"}],"wp:term":[{"taxonomy":"product_brand","embeddable":true,"href":"https:\/\/www.comestero.shop\/en\/wp-json\/wp\/v2\/product_brand?post=15181"},{"taxonomy":"product_cat","embeddable":true,"href":"https:\/\/www.comestero.shop\/en\/wp-json\/wp\/v2\/product_cat?post=15181"},{"taxonomy":"product_tag","embeddable":true,"href":"https:\/\/www.comestero.shop\/en\/wp-json\/wp\/v2\/product_tag?post=15181"}],"curies":[{"name":"wp","href":"https:\/\/api.w.org\/{rel}","templated":true}]}}